{"id":2581,"date":"2019-12-23T09:06:36","date_gmt":"2019-12-23T08:06:36","guid":{"rendered":"http:\/\/wingtsundamante.com\/privacy-policy\/"},"modified":"2019-12-29T14:51:34","modified_gmt":"2019-12-29T13:51:34","slug":"privacy-policy","status":"publish","type":"page","link":"http:\/\/wingtsundamante.com\/en\/privacy-policy\/","title":{"rendered":"Privacy Policy"},"content":{"rendered":"<div class=\"fusion-fullwidth fullwidth-box fusion-builder-row-1 nonhundred-percent-fullwidth non-hundred-percent-height-scrolling\" style=\"--awb-border-radius-top-left:0px;--awb-border-radius-top-right:0px;--awb-border-radius-bottom-right:0px;--awb-border-radius-bottom-left:0px;--awb-flex-wrap:wrap;\" ><div class=\"fusion-builder-row fusion-row\"><div class=\"fusion-layout-column fusion_builder_column fusion-builder-column-0 fusion_builder_column_1_1 1_1 fusion-one-full fusion-column-first fusion-column-last\" style=\"--awb-bg-size:cover;\"><div class=\"fusion-column-wrapper fusion-column-has-shadow fusion-flex-column-wrapper-legacy\"><div class=\"fusion-text fusion-text-1\"><h1>PRIVACY POLICY<br \/>\n(ai sensi D. Lgs.196\/03 e del regolamento (UE) 2016\/679)<\/h1>\n<h2>&#8220;TITOLARE&#8221;, RESPONSABILE E INCARICATI DEL TRATTAMENTO<\/h2>\n<p>In merito alla Privacy, la consultazione di questo sito da parte dell\u2019utente, comporta l\u2019assunzione di informazioni aventi natura di dati personali. Per tali finalit\u00e0 il Titolare del trattamento dei dati personali da Lei conferiti \u00e8 Master SiFu Luca Damante con sede in Via Umberto Saba 2 (angolo Via G. Meli), 93012 Gela (CL).<br \/>\nLuogo di trattamento dei dati<br \/>\nI trattamenti connessi ai servizi web del sito www.wingtsundamante.com, hanno luogo presso la sede indicata in Gela, del Titolare del trattamento e sono curati anche da eventuali incaricati di occasionali operazioni di manutenzione. Nessun dato derivante dal servizio web viene comunicato o diffuso (art 90 GDPR). I dati personali forniti dagli utenti che inoltrano richieste di invio di materiale informativo sono utilizzati al solo fine di eseguire il servizio o la prestazione richiesta e sono comunicati a terzi nel solo caso in cui ci\u00f2 sia a tal fine necessario (art 3 GDPR).<\/p>\n<h3>Privacy Policy per i visitatori del sito<\/h3>\n<p>La presente Privacy Policy ha lo scopo di descrivere le modalit\u00e0 di gestione di questo sito, in riferimento al trattamento dei dati personali degli utenti\/visitatori che lo consultano. Si tratta di un\u2019informativa che \u00e8 resa anche ai sensi dell\u2019art. 13 del D. Lgs. 196\/03 &#8211; Codice in materia di protezione dei dati personali \u2013 a coloro che si collegano al sito web www.wingtsundamante.com e usufruiscono dei relativi servizi web a partire dall&#8217;indirizzo [https:\/\/www.wingtsundamante.com].<br \/>\nIl sito www.wingtsundamante.com \u00e8 di propriet\u00e0 e gestione di Master SiFu Luca Damante che garantisce il rispetto della normativa in materia di protezione dei dati personali (D.Lgs 196\/03).<br \/>\nCosa si intende per dati personali e trattamento dei dati personali<br \/>\nCostituisce trattamento dei dati personali qualsiasi operazione o complesso di operazioni, effettuati anche senza l\u2019ausilio di strumenti elettronici, concernenti la raccolta, la registrazione, l\u2019organizzazione, la conservazione, la consultazione, l\u2019elaborazione, la modificazione, la selezione, l\u2019estrazione, il raffronto, l\u2019utilizzo, l\u2019interconnessione, il blocco, la comunicazione, la diffusione, la cancellazione e la distruzione di dati, anche se non registrati in una banca di dati.<\/p>\n<h3>Tipologia di dati trattati e finalit\u00e0 del trattamento<\/h3>\n<p>1)Dati di navigazione<br \/>\nI sistemi informatici e le procedure software preposte al funzionamento di questo sito acquisiscono, nel normale esercizio, alcuni dati personali che vengono poi trasmessi implicitamente nell\u2019uso dei protocolli di comunicazione Internet.<br \/>\nSi tratta di informazioni che non sono raccolte per essere associate a interessati identificati, ma che per loro stessa natura potrebbero, attraverso elaborazioni ed associazioni con dati detenuti da terzi, permettere di identificare gli utenti.<br \/>\nTutte le nostre attivit\u00e0 sono regolate da principi etici severi e ci siamo impegnati a proteggere la privacy di tutti i visitatori del nostro sito web. Per questa ragione il modo in cui rileviamo e memorizziamo i dati \u00e8 strettamente collegato alle modalit\u00e0 di utilizzo del nostro sito web e dei relativi servizi.<br \/>\n2)Dati forniti volontariamente dagli utenti\/visitatori<br \/>\nQualora gli utenti\/visitatori, collegandosi a questo sito, inviino propri dati personali per accedere a determinati servizi, ovvero per effettuare richieste in posta elettronica, ci\u00f2 comporta l\u2019acquisizione<br \/>\nda parte di Master SiFu Luca Damante dell\u2019indirizzo del mittente e\/o di altri eventuali dati personali che verranno trattati esclusivamente per rispondere alla richiesta.<br \/>\nI dati personali forniti dagli utenti\/visitatori verranno comunicati a terzi solo nel caso in cui la comunicazione sia necessaria per ottemperare alle richieste degli utenti\/visitatori medesimi.<br \/>\n3) Cookies<br \/>\nVarie tecnologie possono essere utilizzate sul nostro sito web per migliorarlo e renderlo pi\u00f9 facile da usare, efficaci e sicuri. Tali tecnologie consentono a noi, o a terzi che operano per noi, di rilevare dati automaticamente. Esempi di tali soluzioni tecnologiche sono i cookie.<br \/>\nNon viene fatto uso di cookies per la trasmissione di informazioni di carattere personale, n\u00e9 vengono utilizzati c.d. cookies persistenti di alcun tipo, ovvero sistemi per il tracciamento degli utenti.<br \/>\nL\u2019uso di c.d. cookies di sessione (che non vengono memorizzati in modo persistente sul computer dell\u2019utente e svaniscono con la chiusura del browser) \u00e8 strettamente limitato alla trasmissione di identificativi di sessione (costituiti da numeri casuali generati dal server) necessari per consentire l\u2019esplorazione sicura ed efficiente del sito.<br \/>\nI c.d. cookies di sessione utilizzati in questo sito evitano il ricorso ad altre tecniche informatiche potenzialmente pregiudizievoli per la riservatezza della navigazione degli utenti e non consentono l\u2019acquisizione di dati personali identificativi dell\u2019utente.<br \/>\n(http:\/\/wingtsundamante.com\/cookies).<\/p>\n<h3>Dati forniti da Lei<\/h3>\n<p>Oltre ai dati rilevati automaticamente elaboriamo anche i dati da Lei forniti. Di seguito un elenco esemplificativo ma non esaustivo:<br \/>\ni Suoi dati di contatto, tra cui ragione sociale e partita iva o per le persone fisiche nome e cognome e codice fiscale, indirizzo (da indicare nella fattura e recapito per la spedizione della merce), indirizzo e-mail e, fax, sito web e data di nascita, il Suo numero di telefono o il numero di cellulare per le persone fisiche, qualora ci fosse la necessit\u00e0 di farle delle domande o per eventuali richieste di informazioni in merito al Suo ordine;<br \/>\naltre informazioni necessarie per evadere il Suo ordine: per esempio informazioni sui prodotti che ha ordinato, informazioni sul conto bancario, iban e swift;<br \/>\nse ha contattato il servizio assistenza alla clientela, le informazioni relative e la storia di questi contatti.<br \/>\nTutti questi dati hanno in comune il fatto che sono stati forniti da Lei. Queste informazioni saranno utilizzate per i fini descritti nella presente Informativa. Lei ha il diritto di rettificare, in qualsiasi momento, i Suoi dati personali o di impedire la loro elaborazione. (v. Sezione Diritti dell\u2019interessato).<\/p>\n<h3>Come vengono utilizzati i dati rilevati: finalit\u00e0<\/h3>\n<p>Useremo i Suoi dati personali per scopi collegati ai Suoi acquisti: per esempio, per comunicarle lo stato dei Suoi acquisti i o delle consegne. \u00c8 possibile che usiamo i Suoi dati per verificare, avvalendoci delle informazioni di terzi, la Sua affidabilit\u00e0 creditizia.<br \/>\nSe Lei ci ha fornito Suoi dati personali, per esempio in occasione di un\u2019iniziativa promozionale, di un<br \/>\nevento, \u00e8 possibile che Le inviamo e-mail o altri messaggi pertinenti al servizio da Lei richiesto.<br \/>\nSe ha contattato il servizio assistenza alla clientela useremo i Suoi dati personali (compreso lo storico relativo ai Suoi contatti e delle sue chiamate) in modo da agevolare l&#8217;evasione delle sue richieste e fornirle il servizio migliore possibile.<br \/>\nSe ha comunicato Suoi dati personali in occasione della vendita di un prodotto, La informeremo su prodotti e servizi analoghi. Eventualmente La contatteremo dopo la vendita di un prodotto o servizio per sapere che cosa ne pensa. In caso di interruzione di un\u2019operazione di vendita, Le invieremo un&#8217;e- mail per avvertirla. Lei si pu\u00f2 cancellare in qualsiasi momento, gratis e con effetto immediato, dalla lista dei destinatari di queste comunicazioni: basta inviare una e-mail (v. Sezione Diritti dell\u2019interessato).<br \/>\nPrevio il Suo esplicito consenso, possiamo contattarla tramite i dati di contatto forniti da Lei (a mezzo posta ordinaria, e-mail, SMS, telefono o altri mezzi elettronici) a fini di marketing, pubblicit\u00e0 e sondaggi per conto di Master SiFu Luca Damante. Si tratter\u00e0, per esempio, di informazioni su dimostrazioni pratiche, oppure sull&#8217;apertura di nuovi corsi AWTA di Master SiFu Luca Damante nella Sua zona come pure su avvenimenti sportivi. Per essere in grado di comunicarle informazioni di Suo interesse. Nella Sezione Diritti dell\u2019interessato pu\u00f2 leggere informazioni sui Suoi diritti, per esempio su come revocare il Suo consenso o come correggere i Suoi dati personali.<\/p>\n<h3>Trattamento dei dati personali: consenso obbligatorio e consenso facoltativo<\/h3>\n<p>Il trattamento dei dati personali \u00e8 di regola ammesso solo con il consenso degli interessati, che deve essere libero, informato, espresso in forma specifica e documentato per iscritto. L\u2019interessato \u00e8 libero di fornire i dati personali di volta in volta richiesti; il loro mancato, parziale o inesatto conferimento potrebbe comportare l\u2019impossibilit\u00e0 di fornire i servizi richiesti (art 7 GDPR).<br \/>\nL\u2019acquisizione del consenso al trattamento dei dati personali \u00e8 necessaria per tutti i trattamenti sopra indicati connessi e\/o necessari ad adempiere ad obblighi di legge, alla normativa comunitaria, per eseguire obblighi derivanti da un contratto di cui \u00e8 parte l\u2019interessato o per adempiere, prima della conclusione del contratto, a specifiche richieste di quest\u2019ultimo (finalit\u00e0: punti 1-2-3-4-7).<br \/>\nIl consenso al trattamento dei dati personali per le finalit\u00e0 di cui ai punti 5-6 \u00e8 invece facoltativo e potr\u00e0 essere revocato in ogni momento secondo le modalit\u00e0 descritte nella sezione \u201cDiritti dell\u2019interessato\u201d della presente informativa. L\u2019eventuale rifiuto dell\u2019interessato a rispondere per i punti 5 e 6 comporter\u00e0 la nostra impossibilit\u00e0 di inviare materiale pubblicitario e svolgere attivit\u00e0 promozionali.<br \/>\nIn qualsiasi momento potr\u00e0 revocare il consenso alla ricezione di comunicazioni precedentemente rilasciato, sia da parte di Master SiFu Luca Damante che da parte di societ\u00e0 terze, secondo le seguenti modalit\u00e0:<br \/>\nInviando una richiesta a info@wingtsundamante.com con oggetto \u201ccancellami\u201d.<\/p>\n<h3>Modalit\u00e0 del trattamento e conservazione<\/h3>\n<p>I dati personali sono trattati con strumenti cartacei, informatici, telematici, automatizzati comprendente profilazione (art 22 GDPR); La profilazione pu\u00f2 avvenire utilizzando dati individuali o identificativi (es. dati anagrafici), oppure dati aggregati derivanti da dati personali individuali. Il tutto nel rispetto delle garanzie di riservatezza e delle misure di sicurezza previste dalla normativa vigente, con logiche strettamente correlate alle finalit\u00e0\u0300 del trattamento. Specifiche misure di sicurezza sono osservate per prevenire la perdita dei dati, usi illeciti o non corretti ed accessi non autorizzati.<br \/>\nIl periodo di conservazione dei dati \u00e8 legato alla finalit\u00e0 del trattamento in corso. Master SiFu Luca Damante non tratterr\u00e0 le informazioni personali pi\u00f9 di quanto non sia necessario per adempiere alle finalit\u00e0 per cui tali informazioni sono state elaborate, inclusa la sicurezza della nostra procedura di elaborazione in conformit\u00e0 con gli obblighi normativi e legali (ad es. controllo, contabilit\u00e0 e termini di conservazione legale), la gestione delle controversie e per la determinazione, pratica o difesa di diritti legali in quei paesi in cui svolgiamo attivit\u00e0 di business.<\/p>\n<h3>Rivelazione di informazioni<\/h3>\n<p>Uno dei nostri principi fondamentali \u00e8 il nostro impegno a trattare i Suoi dati con cautela e riservatezza. Non venderemo mai i Suoi dati a terzi. I Suoi dati potranno essere rivelati a terzi soltanto nell&#8217;eventualit\u00e0 che lo imponga la Legge e sotto condizione che sia consentito dalle Leggi vigenti.<\/p>\n<h2>CATEGORIE DI SOGGETTI CHE POTREBBERO VENIRE A CONOSCENZA DEI DATI DELL&#8217;UTENTE<\/h2>\n<p>Oltre che dai dipendenti di Master SiFu Luca Damante alcuni trattamenti dei dati personali dell\u2019utente possono essere trattati anche da soggetti terzi, ivi incluse le societ\u00e0 cui Master SiFu Luca Damante affida o potrebbe affidare talune attivit\u00e0 funzionali alla consultazione del sito. Detti soggetti opereranno come Titolari autonomi o come Responsabili del trattamento. In quest\u2019ultimo caso il Titolare impartir\u00e0 ai Responsabili adeguate istruzioni operative con particolare riferimento all\u2019adozione delle misure minime di sicurezza, al fine di poter garantire la riservatezza, integrit\u00e0 e la sicurezza dei dati. I dati dell\u2019utente<br \/>\npotranno altres\u00ec essere comunicati all\u2019Autorit\u00e0 Giudiziaria, amministrativa o ad altro soggetto pubblico legittimato a richiederli, nei casi previsti dalla legge.<br \/>\nPer il perseguimento delle finalit\u00e0 sopra indicate, Master SiFu Luca Damante potr\u00e0 comunicare e far trattare i dati personali dell\u2019interessato, in Italia e all&#8217;estero, compresi Paesi non appartenenti all&#8217;Unione Europea, a soggetti terzi con i quali abbia rapporti: quest\u2019ultima fornir\u00e0 loro solo le informazioni necessarie ad effettuare i servizi richiesti prendendo tutte le misure per tutelare i tuoi dati personali (art 44 GDPR).<br \/>\nI dati personali potranno, inoltre, essere conosciuti dai dipendenti, lavoratori autonomi, a progetto, occasionali, consulenti, interinali, collaboratori di Master SiFu Luca Damante i quali sono stati appositamente nominati\/designati Responsabili o Incaricati del trattamento. Gli addetti alla contabilit\u00e0 e alla fatturazione; gli addetti alla commercializzazione dei beni\/servizi; agenti e rappresentanti;<\/p>\n<h3>Diritti degli interessati<\/h3>\n<p>Master SiFu Luca Damante ricorda all\u2019interessato che, ai sensi dell&#8217;art. 7 del Codice Privacy, D.Lgs. 196\/03 e del regolamento 2016\/679, \u00e8 possibile, in qualunque momento, ottenere la conferma dell&#8217;esistenza o meno dei dati e conoscerne il contenuto e l&#8217;origine nonch\u00e9 della logica su cui si basa il trattamento, verificarne l&#8217;esattezza o chiederne l&#8217;integrazione o l&#8217;aggiornamento, oppure la rettificazione.<br \/>\nAi sensi del medesimo articolo l\u2019interessato ha il diritto di chiedere la cancellazione, la trasformazione in forma anonima o il blocco dei dati trattati in violazione di legge, nonch\u00e9 di opporsi in ogni caso, per motivi legittimi, al loro trattamento.<br \/>\nPer i trattamenti relativi al marketing diretto (in forma \u201ctradizionale\u201d e \u201cautomatizzata\u201d) sar\u00e0 sempre possibile revocare il consenso ed esercitare il diritto di opposizione. L\u2019opposizione, in assenza di indicazione contraria, verr\u00e0 riferita tanto alle comunicazioni tradizionali quanto a quelle automatizzate. Ai fini dell\u2019esercizio dei diritti di cui sopra occorre inviare una richiesta alla casella di posta a info@wingtsundamante.com con oggetto \u201ccancellami\u201d.<\/p>\n<h3>I Suoi diritti<\/h3>\n<p>Se Lei ci fornisce Suoi dati personali tramite i nostri siti web o altri canali, ci\u00f2 avviene in maniera assolutamente volontaria. Se Lei sceglie di non fornire le informazioni richieste, pu\u00f2 perdere diverse opportunit\u00e0 quali per esempio non conoscere le data e luogo di possibili dimostrazioni e\/o apertura nuovi corsi AWTA. disponibili per i clienti. Ci sono casi in cui soltanto chi ci ha inviato i dati personali necessari pu\u00f2 ordinare prodotti, usufruire di determinati servizi e approfittare di attivit\u00e0 e offerte disponibili sul nostro sito web. Data l&#8217;importanza che rivestono per noi la trasparenza e la correttezza, offriamo diverse opzioni, adeguate alle circostanze, per aiutarla a mantenere il controllo dei Suoi dati. Pu\u00f2 esistere anche la possibilit\u00e0 di cancellarsi o di ricevere informazioni sui dati da noi conservati scrivendo alla mail: info@wingtsundamante.com con oggetto \u201ccancellami\u201d.<\/p>\n<h3>Diritto di chiedere informazioni<\/h3>\n<p>Lei ha il diritto di ricevere in qualsiasi momento informazioni sui dati personali conservati che La riguardano, sulla loro origine e sui destinatari, nonch\u00e9 sugli scopi per i quali sono stati conservati. Informazioni su dati personali conservati si possono ottenere contattandoci all\u2019indirizzo mail: Info@wingtsundamante.com. I soggetti cui si riferiscono i dati personali hanno il diritto in qualunque momento di ottenere la conferma dell\u2019esistenza o meno dei medesimi dati e di conoscerne il contenuto e l\u2019origine, verificarne l\u2019esattezza o chiederne l\u2019integrazione o l\u2019aggiornamento (art. 7 del D. Lgs. 196\/03 e del regolamento 2016\/679).<\/p>\n<h3>Diritto di rettifica<\/h3>\n<p>Lei ha il diritto di rettificare, integrare, aggiornare, cancellare i Suoi dati personali conservati o di farne bloccare la conservazione. Entro quattro settimane dal ricevimento della Sua richiesta Le comunicheremo se, e, in caso affermativo, in che misura soddisferemo la Sua richiesta. Se, per qualche motivo, non fossimo in grado di soddisfare la Sua richiesta, sar\u00e0 nostra premura comunicarle i motivi (art. 7 del D. Lgs. 196\/03 e art 12 e 16 GDPR).<\/p>\n<h3>Diritto di opporsi e di cancellare la propria iscrizione<\/h3>\n<p>Ai sensi del medesimo articolo si ha il diritto di chiedere la cancellazione, la trasformazione in forma anonima o il blocco dei dati trattati in violazione di legge, nonch\u00e9 di opporsi in ogni caso, per motivi legittimi, al loro trattamento (art 21 GDPR).<br \/>\nLe e-mail inviate da Master SiFu Luca Damante che contengono, per esempio, una newsletter o messaggi di informazione, offrono la possibilit\u00e0 di far cessare il ricevimento di tali e-mail (cancellami). Se non vuole pi\u00f9 ricevere le nostre e-mail le basta inviare una mail a info@wingtsundamante.com con oggetto \u201ccancellami\u201d e smetteremo subito di inviarle e-mail.<br \/>\nSe non desidera pi\u00f9 ricevere informazioni nemmeno a mezzo posta ordinaria, e-mail, SMS, telefono o altro mezzo elettronico, ovvero Lei voglia revocare il Suo consenso, basta inviare una mail a info@wingtsundamante.com con oggetto \u201ccancellami\u201d. In caso di dubbio sulla Sua identit\u00e0 \u00e8 possibile che Le venga richiesto un documento di riconoscimento (p. es. una fotocopia di un Suo documento di riconoscimento) (art 17 GDPR).<\/p>\n<h3>Sicurezza delle informazioni e integrit\u00e0 dei dati<\/h3>\n<p>Abbiamo adottato misure tecniche e organizzative idonee a proteggere i dati personali da fatti accidentali o illeciti che ne provochino la distruzione, perdita, alterazione, e da uso, rivelazione o accesso non autorizzati, in special modo dove il trattamento prevede la trasmissione di dati tramite una rete e contro qualsiasi altra forma di trattamento illecito e abuso.<\/p>\n<h3>Protezione dei dati personali dei minori<\/h3>\n<p>La protezione dei dati personali dei minori \u00e8 di estrema importanza. Master SiFu Luca Damante \u00e8 consapevole della propria obbligazione di proteggere la privacy dei minori, e si rifiuta di rilevare dati di minori di 16 anni. Invitiamo i genitori e altri tutori a navigare sull&#8217;Internet ed inviare e-mail insieme ai loro figli e a fruire dell&#8217;Internet in modo responsabile.<br \/>\nSe un minore di 16 anni tenta di fornire fin dal principio le informazioni relativi a propri dati deve chiedere il consenso del genitore. I dati inviati dal minore, o che comunque lo riguardano, rilevati durante la sua visita (p. es. tramite cookie) possono essere usati come sopra descritto.<br \/>\nSe un minore di 16 anni tenta di inviare propri dati tramite scheda\/modulo, questa sar\u00e0 rigettata, con la comunicazione che non si accettano tali richieste da minori di 16 anni. Per questo motivo chiediamo che i genitori e gli altri tutori verifichino e seguano l&#8217;utilizzo della rete Internet da parte dei minori, per la loro sicurezza (art 8 GDPR).<\/p>\n<h3>Come contattarci<\/h3>\n<p>Il titolare del trattamento dei dati personali \u00e8: Master SiFu Luca Damante con sede in Via Umberto Saba 2 (angolo Via G. Meli), 93012 Gela CL, info@wingtsundamante.com.<\/p>\n<h3>Modifiche della presente informativa<\/h3>\n<p>Master SiFu Luca Damante si impegna a fare propri i principi fondamentali della protezione dei dati e considera la tutela dei dati personali come un dovere naturale. Pertanto sottoponiamo a frequente revisione le nostre linee di condotta in materia di tutela dei dati personali per assicurarci che siano esenti da errori, chiaramente visibili sul nostro sito web e comprensive di tutte le informazioni necessarie, e per verificare che siano osservate rigorosamente, e conformi ai princ\u00ecpi della normativa su questa materia. La presente informativa sulla tutela dei dati personali pu\u00f2 subire nel corso del tempo modifiche intese a mantenerla al passo con l&#8217;evoluzione e le nuove opportunit\u00e0 della rete Internet e a garantire la sua conformit\u00e0 alla normativa vigente. Senza il suo consenso esplicito non applicheremo mai disposizioni restrittive dei diritti che ti vengono riconosciuti nella presente informativa. Modifiche rilevanti della presente informativa saranno annunciate sul nostro sito web contemporaneamente alla pubblicazione della versione aggiornata dell&#8217;Informativa sulla tutela dei dati personali.<\/p>\n<\/div><div class=\"fusion-clearfix\"><\/div><\/div><\/div><\/div><\/div>\n","protected":false},"excerpt":{"rendered":"","protected":false},"author":1,"featured_media":0,"parent":0,"menu_order":0,"comment_status":"closed","ping_status":"closed","template":"","meta":{"ngg_post_thumbnail":0,"footnotes":""},"class_list":["post-2581","page","type-page","status-publish","hentry"],"_links":{"self":[{"href":"http:\/\/wingtsundamante.com\/en\/wp-json\/wp\/v2\/pages\/2581","targetHints":{"allow":["GET"]}}],"collection":[{"href":"http:\/\/wingtsundamante.com\/en\/wp-json\/wp\/v2\/pages"}],"about":[{"href":"http:\/\/wingtsundamante.com\/en\/wp-json\/wp\/v2\/types\/page"}],"author":[{"embeddable":true,"href":"http:\/\/wingtsundamante.com\/en\/wp-json\/wp\/v2\/users\/1"}],"replies":[{"embeddable":true,"href":"http:\/\/wingtsundamante.com\/en\/wp-json\/wp\/v2\/comments?post=2581"}],"version-history":[{"count":1,"href":"http:\/\/wingtsundamante.com\/en\/wp-json\/wp\/v2\/pages\/2581\/revisions"}],"predecessor-version":[{"id":2584,"href":"http:\/\/wingtsundamante.com\/en\/wp-json\/wp\/v2\/pages\/2581\/revisions\/2584"}],"wp:attachment":[{"href":"http:\/\/wingtsundamante.com\/en\/wp-json\/wp\/v2\/media?parent=2581"}],"curies":[{"name":"wp","href":"https:\/\/api.w.org\/{rel}","templated":true}]}}